{"id":3,"date":"2019-03-21T10:06:02","date_gmt":"2019-03-21T10:06:02","guid":{"rendered":"https:\/\/ffstkind.at\/?page_id=3"},"modified":"2023-07-29T05:48:28","modified_gmt":"2023-07-29T03:48:28","slug":"privacy-policy","status":"publish","type":"page","link":"https:\/\/www.ff-unterrohr.at\/?page_id=3","title":{"rendered":"Impressum"},"content":{"rendered":"\n<p><strong>Homepage der<br>Freiwilligen Unterrohr<\/strong><\/p>\n\n\n\n<p>8294 Unterrohr 301<br>Tel: 03332\/7213<br>Fax: 03332\/82154<br>Email: kdo.037@bfvhb.steiermark.at<br>FuBNr. 47037<\/p>\n\n\n\n<p>Kommandant:<br>HBI Sommer Karl<br>Tel: 0660\/7238549<\/p>\n\n\n\n<p>Kommandant Stellvertreter:<br>OBI Lang-Milchrahm Franz<br>Mobil: 0664 \/ 5201101<\/p>\n\n\n\n<p>Verlinkung auf Webseiten<br>Unsere Webseite beinhaltet Links auf andere Webseiten. Wir \u00fcbernehmen keine Haftung f\u00fcr den Inhalt dieser Seiten.<br>Sollte eine Rechtswidrigkeit vorliegen oder eine Verlinkung nicht mehr gew\u00fcnscht sein bitten wir sie um Kontaktaufnahme.<br>Wir werden danach schnellstm\u00f6glich die Verlinkung entfernen.<\/p>\n\n\n\n<p><\/p>\n","protected":false},"excerpt":{"rendered":"<p>Homepage derFreiwilligen Unterrohr 8294 Unterrohr 301Tel: 03332\/7213Fax: 03332\/82154Email: kdo.037@bfvhb.steiermark.atFuBNr. 47037 Kommandant:HBI Sommer KarlTel: 0660\/7238549 Kommandant Stellvertreter:OBI Lang-Milchrahm FranzMobil: 0664 \/ 5201101 Verlinkung auf WebseitenUnsere Webseite beinhaltet Links auf andere Webseiten. Wir \u00fcbernehmen keine Haftung f\u00fcr den Inhalt dieser Seiten.Sollte eine Rechtswidrigkeit vorliegen oder eine Verlinkung nicht mehr gew\u00fcnscht sein bitten wir sie um Kontaktaufnahme.Wir werden [&hellip;]<\/p>\n","protected":false},"author":4,"featured_media":0,"parent":0,"menu_order":0,"comment_status":"closed","ping_status":"closed","template":"","meta":{"_acf_changed":false,"footnotes":""},"class_list":["post-3","page","type-page","status-publish","hentry"],"acf":[],"yoast_head":"<!-- This site is optimized with the Yoast SEO plugin v24.9 - https:\/\/yoast.com\/wordpress\/plugins\/seo\/ -->\n<title>Impressum - FF Unterrohr<\/title>\n<meta name=\"robots\" content=\"index, follow, max-snippet:-1, max-image-preview:large, max-video-preview:-1\" \/>\n<link rel=\"canonical\" href=\"https:\/\/www.ff-unterrohr.at\/?page_id=3\" \/>\n<meta property=\"og:locale\" content=\"de_DE\" \/>\n<meta property=\"og:type\" content=\"article\" \/>\n<meta property=\"og:title\" content=\"Impressum - FF Unterrohr\" \/>\n<meta property=\"og:description\" content=\"Homepage derFreiwilligen Unterrohr 8294 Unterrohr 301Tel: 03332\/7213Fax: 03332\/82154Email: kdo.037@bfvhb.steiermark.atFuBNr. 47037 Kommandant:HBI Sommer KarlTel: 0660\/7238549 Kommandant Stellvertreter:OBI Lang-Milchrahm FranzMobil: 0664 \/ 5201101 Verlinkung auf WebseitenUnsere Webseite beinhaltet Links auf andere Webseiten. Wir \u00fcbernehmen keine Haftung f\u00fcr den Inhalt dieser Seiten.Sollte eine Rechtswidrigkeit vorliegen oder eine Verlinkung nicht mehr gew\u00fcnscht sein bitten wir sie um Kontaktaufnahme.Wir werden [&hellip;]\" \/>\n<meta property=\"og:url\" content=\"https:\/\/www.ff-unterrohr.at\/?page_id=3\" \/>\n<meta property=\"og:site_name\" content=\"FF Unterrohr\" \/>\n<meta property=\"article:modified_time\" content=\"2023-07-29T03:48:28+00:00\" \/>\n<meta name=\"twitter:card\" content=\"summary_large_image\" \/>\n<meta name=\"twitter:label1\" content=\"Gesch\u00e4tzte Lesezeit\" \/>\n\t<meta name=\"twitter:data1\" content=\"1\u00a0Minute\" \/>\n<script type=\"application\/ld+json\" class=\"yoast-schema-graph\">{\"@context\":\"https:\/\/schema.org\",\"@graph\":[{\"@type\":\"WebPage\",\"@id\":\"https:\/\/www.ff-unterrohr.at\/?page_id=3\",\"url\":\"https:\/\/www.ff-unterrohr.at\/?page_id=3\",\"name\":\"Impressum - FF Unterrohr\",\"isPartOf\":{\"@id\":\"https:\/\/www.ff-unterrohr.at\/#website\"},\"datePublished\":\"2019-03-21T10:06:02+00:00\",\"dateModified\":\"2023-07-29T03:48:28+00:00\",\"breadcrumb\":{\"@id\":\"https:\/\/www.ff-unterrohr.at\/?page_id=3#breadcrumb\"},\"inLanguage\":\"de\",\"potentialAction\":[{\"@type\":\"ReadAction\",\"target\":[\"https:\/\/www.ff-unterrohr.at\/?page_id=3\"]}]},{\"@type\":\"BreadcrumbList\",\"@id\":\"https:\/\/www.ff-unterrohr.at\/?page_id=3#breadcrumb\",\"itemListElement\":[{\"@type\":\"ListItem\",\"position\":1,\"name\":\"Startseite\",\"item\":\"https:\/\/www.ff-unterrohr.at\/\"},{\"@type\":\"ListItem\",\"position\":2,\"name\":\"Impressum\"}]},{\"@type\":\"WebSite\",\"@id\":\"https:\/\/www.ff-unterrohr.at\/#website\",\"url\":\"https:\/\/www.ff-unterrohr.at\/\",\"name\":\"FF Unterrohr\",\"description\":\"Website der FF Unterrohr\",\"publisher\":{\"@id\":\"https:\/\/www.ff-unterrohr.at\/#organization\"},\"potentialAction\":[{\"@type\":\"SearchAction\",\"target\":{\"@type\":\"EntryPoint\",\"urlTemplate\":\"https:\/\/www.ff-unterrohr.at\/?s={search_term_string}\"},\"query-input\":{\"@type\":\"PropertyValueSpecification\",\"valueRequired\":true,\"valueName\":\"search_term_string\"}}],\"inLanguage\":\"de\"},{\"@type\":\"Organization\",\"@id\":\"https:\/\/www.ff-unterrohr.at\/#organization\",\"name\":\"FF Unterrohr\",\"url\":\"https:\/\/www.ff-unterrohr.at\/\",\"logo\":{\"@type\":\"ImageObject\",\"inLanguage\":\"de\",\"@id\":\"https:\/\/www.ff-unterrohr.at\/#\/schema\/logo\/image\/\",\"url\":\"https:\/\/www.ff-unterrohr.at\/wp-content\/uploads\/2021\/08\/ffunterrohr_v2-2.png\",\"contentUrl\":\"https:\/\/www.ff-unterrohr.at\/wp-content\/uploads\/2021\/08\/ffunterrohr_v2-2.png\",\"width\":493,\"height\":50,\"caption\":\"FF Unterrohr\"},\"image\":{\"@id\":\"https:\/\/www.ff-unterrohr.at\/#\/schema\/logo\/image\/\"}}]}<\/script>\n<!-- \/ Yoast SEO plugin. -->","yoast_head_json":{"title":"Impressum - FF Unterrohr","robots":{"index":"index","follow":"follow","max-snippet":"max-snippet:-1","max-image-preview":"max-image-preview:large","max-video-preview":"max-video-preview:-1"},"canonical":"https:\/\/www.ff-unterrohr.at\/?page_id=3","og_locale":"de_DE","og_type":"article","og_title":"Impressum - FF Unterrohr","og_description":"Homepage derFreiwilligen Unterrohr 8294 Unterrohr 301Tel: 03332\/7213Fax: 03332\/82154Email: kdo.037@bfvhb.steiermark.atFuBNr. 47037 Kommandant:HBI Sommer KarlTel: 0660\/7238549 Kommandant Stellvertreter:OBI Lang-Milchrahm FranzMobil: 0664 \/ 5201101 Verlinkung auf WebseitenUnsere Webseite beinhaltet Links auf andere Webseiten. Wir \u00fcbernehmen keine Haftung f\u00fcr den Inhalt dieser Seiten.Sollte eine Rechtswidrigkeit vorliegen oder eine Verlinkung nicht mehr gew\u00fcnscht sein bitten wir sie um Kontaktaufnahme.Wir werden [&hellip;]","og_url":"https:\/\/www.ff-unterrohr.at\/?page_id=3","og_site_name":"FF Unterrohr","article_modified_time":"2023-07-29T03:48:28+00:00","twitter_card":"summary_large_image","twitter_misc":{"Gesch\u00e4tzte Lesezeit":"1\u00a0Minute"},"schema":{"@context":"https:\/\/schema.org","@graph":[{"@type":"WebPage","@id":"https:\/\/www.ff-unterrohr.at\/?page_id=3","url":"https:\/\/www.ff-unterrohr.at\/?page_id=3","name":"Impressum - FF Unterrohr","isPartOf":{"@id":"https:\/\/www.ff-unterrohr.at\/#website"},"datePublished":"2019-03-21T10:06:02+00:00","dateModified":"2023-07-29T03:48:28+00:00","breadcrumb":{"@id":"https:\/\/www.ff-unterrohr.at\/?page_id=3#breadcrumb"},"inLanguage":"de","potentialAction":[{"@type":"ReadAction","target":["https:\/\/www.ff-unterrohr.at\/?page_id=3"]}]},{"@type":"BreadcrumbList","@id":"https:\/\/www.ff-unterrohr.at\/?page_id=3#breadcrumb","itemListElement":[{"@type":"ListItem","position":1,"name":"Startseite","item":"https:\/\/www.ff-unterrohr.at\/"},{"@type":"ListItem","position":2,"name":"Impressum"}]},{"@type":"WebSite","@id":"https:\/\/www.ff-unterrohr.at\/#website","url":"https:\/\/www.ff-unterrohr.at\/","name":"FF Unterrohr","description":"Website der FF Unterrohr","publisher":{"@id":"https:\/\/www.ff-unterrohr.at\/#organization"},"potentialAction":[{"@type":"SearchAction","target":{"@type":"EntryPoint","urlTemplate":"https:\/\/www.ff-unterrohr.at\/?s={search_term_string}"},"query-input":{"@type":"PropertyValueSpecification","valueRequired":true,"valueName":"search_term_string"}}],"inLanguage":"de"},{"@type":"Organization","@id":"https:\/\/www.ff-unterrohr.at\/#organization","name":"FF Unterrohr","url":"https:\/\/www.ff-unterrohr.at\/","logo":{"@type":"ImageObject","inLanguage":"de","@id":"https:\/\/www.ff-unterrohr.at\/#\/schema\/logo\/image\/","url":"https:\/\/www.ff-unterrohr.at\/wp-content\/uploads\/2021\/08\/ffunterrohr_v2-2.png","contentUrl":"https:\/\/www.ff-unterrohr.at\/wp-content\/uploads\/2021\/08\/ffunterrohr_v2-2.png","width":493,"height":50,"caption":"FF Unterrohr"},"image":{"@id":"https:\/\/www.ff-unterrohr.at\/#\/schema\/logo\/image\/"}}]}},"_links":{"self":[{"href":"https:\/\/www.ff-unterrohr.at\/index.php?rest_route=\/wp\/v2\/pages\/3","targetHints":{"allow":["GET"]}}],"collection":[{"href":"https:\/\/www.ff-unterrohr.at\/index.php?rest_route=\/wp\/v2\/pages"}],"about":[{"href":"https:\/\/www.ff-unterrohr.at\/index.php?rest_route=\/wp\/v2\/types\/page"}],"author":[{"embeddable":true,"href":"https:\/\/www.ff-unterrohr.at\/index.php?rest_route=\/wp\/v2\/users\/4"}],"replies":[{"embeddable":true,"href":"https:\/\/www.ff-unterrohr.at\/index.php?rest_route=%2Fwp%2Fv2%2Fcomments&post=3"}],"version-history":[{"count":4,"href":"https:\/\/www.ff-unterrohr.at\/index.php?rest_route=\/wp\/v2\/pages\/3\/revisions"}],"predecessor-version":[{"id":628,"href":"https:\/\/www.ff-unterrohr.at\/index.php?rest_route=\/wp\/v2\/pages\/3\/revisions\/628"}],"wp:attachment":[{"href":"https:\/\/www.ff-unterrohr.at\/index.php?rest_route=%2Fwp%2Fv2%2Fmedia&parent=3"}],"curies":[{"name":"wp","href":"https:\/\/api.w.org\/{rel}","templated":true}]}}