{"id":185,"date":"2020-01-19T19:15:16","date_gmt":"2020-01-19T18:15:16","guid":{"rendered":"https:\/\/ffstkind.at\/?page_id=185"},"modified":"2021-08-06T10:28:23","modified_gmt":"2021-08-06T08:28:23","slug":"datenschutzerklaerung","status":"publish","type":"page","link":"https:\/\/www.ff-unterrohr.at\/?page_id=185","title":{"rendered":"Datenschutzerkl\u00e4rung"},"content":{"rendered":"\n<p>Der Schutz Ihrer pers\u00f6nlichen Daten ist uns ein besonderes Anliegen. Wir verarbeiten Ihre Daten daher ausschlie\u00dflich auf Grundlage der gesetzlichen Bestimmungen (DSGVO, TKG 2003). In diesen Datenschutzinformationen informieren wir Sie \u00fcber die wichtigsten Aspekte der Datenverarbeitung im Rahmen unserer Website.<\/p>\n\n\n\n<p><strong>Automatische Datenspeicherung<\/strong><\/p>\n\n\n\n<p>Wenn sie unsere Webseite besuchen werden Daten auf unserem Webserver gespeichert. Dies sind Daten wie IP-Adresse, Details zu Ihrem Browser und Datum sowie Uhrzeit. Wir nutzen die Daten nicht und geben sie auch nicht weiter.<\/p>\n\n\n\n<p><strong>Ihre Rechte<\/strong><\/p>\n\n\n\n<p>Ihnen stehen bez\u00fcglich Ihrer bei uns gespeicherten Daten&nbsp;grunds\u00e4tzlich die Rechte auf Auskunft, Berichtigung, L\u00f6schung, Einschr\u00e4nkung, Daten\u00fcbertragbarkeit, Widerruf und Widerspruch zu. Wenn Sie glauben, dass die Verarbeitung Ihrer Daten gegen das Datenschutzrecht verst\u00f6\u00dft oder Ihre datenschutzrechtlichen Anspr\u00fcche sonst in einer Weise verletzt worden sind, k\u00f6nnen Sie sich beschweren. In \u00d6sterreich ist dies die Datenschutzbeh\u00f6rde, deren Webseiten Sie unter&nbsp;<a href=\"https:\/\/www.dsb.gv.at\/\">https:\/\/www.dsb.gv.at\/<\/a>&nbsp;finden<\/p>\n\n\n\n<p><strong>Verschl\u00fcsselung mittels https<\/strong><\/p>\n\n\n\n<p>Unsere Webseite ist \u00fcber https aufrufbar. Durch den Einsatz von TLS (Transport Layer Security), k\u00f6nnen wir den Schutz der vertraulichen Daten sicherstellen. Die sichere Daten\u00fcbertragung ist auch im Broser ersichtlich.<\/p>\n\n\n\n<p><strong>Cookies<\/strong><\/p>\n\n\n\n<p>Unsere Website verwendet so genannte Cookies. Dabei handelt es sich um kleine Textdateien, die mit Hilfe des Browsers auf Ihrem Endger\u00e4t abgelegt werden. Sie richten keinen Schaden an.<\/p>\n\n\n\n<p>Wir nutzen Cookies dazu, unser Angebot nutzerfreundlich zu gestalten. Einige Cookies bleiben auf Ihrem Endger\u00e4t gespeichert, bis Sie diese l\u00f6schen. Sie erm\u00f6glichen es uns, Ihren Browser beim n\u00e4chsten Besuch wiederzuerkennen.<\/p>\n\n\n\n<p>Wenn Sie dies nicht w\u00fcnschen, so k\u00f6nnen Sie Ihren Browser so einrichten, dass er Sie \u00fcber das Setzen von Cookies informiert und Sie dies nur im Einzelfall erlauben.<\/p>\n\n\n\n<p>Bei der Deaktivierung von Cookies kann die Funktionalit\u00e4t unserer Website eingeschr\u00e4nkt sein.<\/p>\n\n\n\n<p><strong>Google Analytics<\/strong><\/p>\n\n\n\n<p>Unsere Website verwendet Funktionen des Webanalysedienstes (Google Analytics). Dazu werden Cookies verwendet, welche eine Analyse der Benutzung der Website durch Ihre Benutzer erm\u00f6glicht. Dadurch erzeugte Informationen werden auf den Server des Anbieters \u00fcbertragen und dort gespeichert. Wie oberhalb beschrieben k\u00f6nnen sie ihren Browser so einrichten, dass dieser keine Cookies speichert.<br>Da uns ihre Privatsph\u00e4re wichtig ist, werden die Nutzerdaten pseudonymisiert (aufgrund Erweiterung _anonymizeIp()). Dadurch ist sichergestellt, dass eine direkter Personenbezug nicht mehr m\u00f6glich ist.<br>Die Beziehung zum Webanalyseanbieter basiert auf dem \u201ePrivacy Shield\u201c- Abkommen. Die Datenverarbeitung erfolgt auf Basis der gesetzlichen Bestimmungen des \u00a7 96 Abs 3 TKG sowie des Art 6 Abs 1 lit a (Einwilligung) und\/oder f (berechtigtes Interesse) der DSGVO.<br>Wir haben mit dem Anbieter einen entsprechenden Vertrag zur Auftragsdatenverarbeitung abgeschlossen.<br>Unser Anliegen im Sinne der DSGVO ist die Verbesserung unseres Angebotes und unseres Webauftritts.<\/p>\n\n\n\n<p>Durch die Nutzung dieser Website erkl\u00e4ren Sie sich mit der Bearbeitung der \u00fcber Sie erhobenen Daten durch Google in der zuvor beschriebenen Art und Weise und zu dem zuvor benannten Zweck einverstanden. Die Datenerhebung und Speicherung kann jederzeit (mit zuk\u00fcnftiger Wirkung) widersprochen werden (<a href=\"https:\/\/tools.google.com\/dlpage\/gaoptout?hl=de\">Browser-Add-on zur Deaktivierung von Google Analytics<\/a>).<\/p>\n\n\n\n<p>Datenschutzerkl\u00e4rung Google:<br><a href=\"https:\/\/www.google.com\/policies\/privacy\" target=\"_blank\" rel=\"noreferrer noopener\">https:\/\/www.google.com\/policies\/privacy<\/a><\/p>\n\n\n\n<p>Quelle aktuelle Version:&nbsp;Erstellt unter Zuhilfenahme der Muster-Datenschutzerkl\u00e4rung der&nbsp;<a href=\"https:\/\/www.wko.at\/\">WKO<\/a><\/p>\n\n\n\n<p>Quelle Vorg\u00e4ngerversion: Erstellt unter Zuhilfenahme der Muster-Datenschutzerkl\u00e4rung der&nbsp;<a href=\"https:\/\/www.wko.at\/\">WKO<\/a>&nbsp;sowie&nbsp;<a href=\"https:\/\/www.firmenwebseiten.at\/datenschutz-generator\/\" rel=\"noreferrer noopener\" target=\"_blank\">Datenschutz Generator von firmenwebseiten.at<\/a><\/p>\n","protected":false},"excerpt":{"rendered":"<p>Der Schutz Ihrer pers\u00f6nlichen Daten ist uns ein besonderes Anliegen. Wir verarbeiten Ihre Daten daher ausschlie\u00dflich auf Grundlage der gesetzlichen Bestimmungen (DSGVO, TKG 2003). In diesen Datenschutzinformationen informieren wir Sie \u00fcber die wichtigsten Aspekte der Datenverarbeitung im Rahmen unserer Website. Automatische Datenspeicherung Wenn sie unsere Webseite besuchen werden Daten auf unserem Webserver gespeichert. Dies sind [&hellip;]<\/p>\n","protected":false},"author":2,"featured_media":0,"parent":0,"menu_order":0,"comment_status":"closed","ping_status":"closed","template":"","meta":{"_acf_changed":false,"footnotes":""},"class_list":["post-185","page","type-page","status-publish","hentry"],"acf":[],"yoast_head":"<!-- This site is optimized with the Yoast SEO plugin v24.9 - https:\/\/yoast.com\/wordpress\/plugins\/seo\/ -->\n<title>Datenschutzerkl\u00e4rung - FF Unterrohr<\/title>\n<meta name=\"robots\" content=\"index, follow, max-snippet:-1, max-image-preview:large, max-video-preview:-1\" \/>\n<link rel=\"canonical\" href=\"https:\/\/www.ff-unterrohr.at\/?page_id=185\" \/>\n<meta property=\"og:locale\" content=\"de_DE\" \/>\n<meta property=\"og:type\" content=\"article\" \/>\n<meta property=\"og:title\" content=\"Datenschutzerkl\u00e4rung - FF Unterrohr\" \/>\n<meta property=\"og:description\" content=\"Der Schutz Ihrer pers\u00f6nlichen Daten ist uns ein besonderes Anliegen. Wir verarbeiten Ihre Daten daher ausschlie\u00dflich auf Grundlage der gesetzlichen Bestimmungen (DSGVO, TKG 2003). In diesen Datenschutzinformationen informieren wir Sie \u00fcber die wichtigsten Aspekte der Datenverarbeitung im Rahmen unserer Website. Automatische Datenspeicherung Wenn sie unsere Webseite besuchen werden Daten auf unserem Webserver gespeichert. Dies sind [&hellip;]\" \/>\n<meta property=\"og:url\" content=\"https:\/\/www.ff-unterrohr.at\/?page_id=185\" \/>\n<meta property=\"og:site_name\" content=\"FF Unterrohr\" \/>\n<meta property=\"article:modified_time\" content=\"2021-08-06T08:28:23+00:00\" \/>\n<meta name=\"twitter:card\" content=\"summary_large_image\" \/>\n<meta name=\"twitter:label1\" content=\"Gesch\u00e4tzte Lesezeit\" \/>\n\t<meta name=\"twitter:data1\" content=\"3\u00a0Minuten\" \/>\n<script type=\"application\/ld+json\" class=\"yoast-schema-graph\">{\"@context\":\"https:\/\/schema.org\",\"@graph\":[{\"@type\":\"WebPage\",\"@id\":\"https:\/\/www.ff-unterrohr.at\/?page_id=185\",\"url\":\"https:\/\/www.ff-unterrohr.at\/?page_id=185\",\"name\":\"Datenschutzerkl\u00e4rung - FF Unterrohr\",\"isPartOf\":{\"@id\":\"https:\/\/www.ff-unterrohr.at\/#website\"},\"datePublished\":\"2020-01-19T18:15:16+00:00\",\"dateModified\":\"2021-08-06T08:28:23+00:00\",\"breadcrumb\":{\"@id\":\"https:\/\/www.ff-unterrohr.at\/?page_id=185#breadcrumb\"},\"inLanguage\":\"de\",\"potentialAction\":[{\"@type\":\"ReadAction\",\"target\":[\"https:\/\/www.ff-unterrohr.at\/?page_id=185\"]}]},{\"@type\":\"BreadcrumbList\",\"@id\":\"https:\/\/www.ff-unterrohr.at\/?page_id=185#breadcrumb\",\"itemListElement\":[{\"@type\":\"ListItem\",\"position\":1,\"name\":\"Startseite\",\"item\":\"https:\/\/www.ff-unterrohr.at\/\"},{\"@type\":\"ListItem\",\"position\":2,\"name\":\"Datenschutzerkl\u00e4rung\"}]},{\"@type\":\"WebSite\",\"@id\":\"https:\/\/www.ff-unterrohr.at\/#website\",\"url\":\"https:\/\/www.ff-unterrohr.at\/\",\"name\":\"FF Unterrohr\",\"description\":\"Website der FF Unterrohr\",\"publisher\":{\"@id\":\"https:\/\/www.ff-unterrohr.at\/#organization\"},\"potentialAction\":[{\"@type\":\"SearchAction\",\"target\":{\"@type\":\"EntryPoint\",\"urlTemplate\":\"https:\/\/www.ff-unterrohr.at\/?s={search_term_string}\"},\"query-input\":{\"@type\":\"PropertyValueSpecification\",\"valueRequired\":true,\"valueName\":\"search_term_string\"}}],\"inLanguage\":\"de\"},{\"@type\":\"Organization\",\"@id\":\"https:\/\/www.ff-unterrohr.at\/#organization\",\"name\":\"FF Unterrohr\",\"url\":\"https:\/\/www.ff-unterrohr.at\/\",\"logo\":{\"@type\":\"ImageObject\",\"inLanguage\":\"de\",\"@id\":\"https:\/\/www.ff-unterrohr.at\/#\/schema\/logo\/image\/\",\"url\":\"https:\/\/www.ff-unterrohr.at\/wp-content\/uploads\/2021\/08\/ffunterrohr_v2-2.png\",\"contentUrl\":\"https:\/\/www.ff-unterrohr.at\/wp-content\/uploads\/2021\/08\/ffunterrohr_v2-2.png\",\"width\":493,\"height\":50,\"caption\":\"FF Unterrohr\"},\"image\":{\"@id\":\"https:\/\/www.ff-unterrohr.at\/#\/schema\/logo\/image\/\"}}]}<\/script>\n<!-- \/ Yoast SEO plugin. -->","yoast_head_json":{"title":"Datenschutzerkl\u00e4rung - FF Unterrohr","robots":{"index":"index","follow":"follow","max-snippet":"max-snippet:-1","max-image-preview":"max-image-preview:large","max-video-preview":"max-video-preview:-1"},"canonical":"https:\/\/www.ff-unterrohr.at\/?page_id=185","og_locale":"de_DE","og_type":"article","og_title":"Datenschutzerkl\u00e4rung - FF Unterrohr","og_description":"Der Schutz Ihrer pers\u00f6nlichen Daten ist uns ein besonderes Anliegen. Wir verarbeiten Ihre Daten daher ausschlie\u00dflich auf Grundlage der gesetzlichen Bestimmungen (DSGVO, TKG 2003). In diesen Datenschutzinformationen informieren wir Sie \u00fcber die wichtigsten Aspekte der Datenverarbeitung im Rahmen unserer Website. Automatische Datenspeicherung Wenn sie unsere Webseite besuchen werden Daten auf unserem Webserver gespeichert. Dies sind [&hellip;]","og_url":"https:\/\/www.ff-unterrohr.at\/?page_id=185","og_site_name":"FF Unterrohr","article_modified_time":"2021-08-06T08:28:23+00:00","twitter_card":"summary_large_image","twitter_misc":{"Gesch\u00e4tzte Lesezeit":"3\u00a0Minuten"},"schema":{"@context":"https:\/\/schema.org","@graph":[{"@type":"WebPage","@id":"https:\/\/www.ff-unterrohr.at\/?page_id=185","url":"https:\/\/www.ff-unterrohr.at\/?page_id=185","name":"Datenschutzerkl\u00e4rung - FF Unterrohr","isPartOf":{"@id":"https:\/\/www.ff-unterrohr.at\/#website"},"datePublished":"2020-01-19T18:15:16+00:00","dateModified":"2021-08-06T08:28:23+00:00","breadcrumb":{"@id":"https:\/\/www.ff-unterrohr.at\/?page_id=185#breadcrumb"},"inLanguage":"de","potentialAction":[{"@type":"ReadAction","target":["https:\/\/www.ff-unterrohr.at\/?page_id=185"]}]},{"@type":"BreadcrumbList","@id":"https:\/\/www.ff-unterrohr.at\/?page_id=185#breadcrumb","itemListElement":[{"@type":"ListItem","position":1,"name":"Startseite","item":"https:\/\/www.ff-unterrohr.at\/"},{"@type":"ListItem","position":2,"name":"Datenschutzerkl\u00e4rung"}]},{"@type":"WebSite","@id":"https:\/\/www.ff-unterrohr.at\/#website","url":"https:\/\/www.ff-unterrohr.at\/","name":"FF Unterrohr","description":"Website der FF Unterrohr","publisher":{"@id":"https:\/\/www.ff-unterrohr.at\/#organization"},"potentialAction":[{"@type":"SearchAction","target":{"@type":"EntryPoint","urlTemplate":"https:\/\/www.ff-unterrohr.at\/?s={search_term_string}"},"query-input":{"@type":"PropertyValueSpecification","valueRequired":true,"valueName":"search_term_string"}}],"inLanguage":"de"},{"@type":"Organization","@id":"https:\/\/www.ff-unterrohr.at\/#organization","name":"FF Unterrohr","url":"https:\/\/www.ff-unterrohr.at\/","logo":{"@type":"ImageObject","inLanguage":"de","@id":"https:\/\/www.ff-unterrohr.at\/#\/schema\/logo\/image\/","url":"https:\/\/www.ff-unterrohr.at\/wp-content\/uploads\/2021\/08\/ffunterrohr_v2-2.png","contentUrl":"https:\/\/www.ff-unterrohr.at\/wp-content\/uploads\/2021\/08\/ffunterrohr_v2-2.png","width":493,"height":50,"caption":"FF Unterrohr"},"image":{"@id":"https:\/\/www.ff-unterrohr.at\/#\/schema\/logo\/image\/"}}]}},"_links":{"self":[{"href":"https:\/\/www.ff-unterrohr.at\/index.php?rest_route=\/wp\/v2\/pages\/185","targetHints":{"allow":["GET"]}}],"collection":[{"href":"https:\/\/www.ff-unterrohr.at\/index.php?rest_route=\/wp\/v2\/pages"}],"about":[{"href":"https:\/\/www.ff-unterrohr.at\/index.php?rest_route=\/wp\/v2\/types\/page"}],"author":[{"embeddable":true,"href":"https:\/\/www.ff-unterrohr.at\/index.php?rest_route=\/wp\/v2\/users\/2"}],"replies":[{"embeddable":true,"href":"https:\/\/www.ff-unterrohr.at\/index.php?rest_route=%2Fwp%2Fv2%2Fcomments&post=185"}],"version-history":[{"count":2,"href":"https:\/\/www.ff-unterrohr.at\/index.php?rest_route=\/wp\/v2\/pages\/185\/revisions"}],"predecessor-version":[{"id":331,"href":"https:\/\/www.ff-unterrohr.at\/index.php?rest_route=\/wp\/v2\/pages\/185\/revisions\/331"}],"wp:attachment":[{"href":"https:\/\/www.ff-unterrohr.at\/index.php?rest_route=%2Fwp%2Fv2%2Fmedia&parent=185"}],"curies":[{"name":"wp","href":"https:\/\/api.w.org\/{rel}","templated":true}]}}